{"id":19699,"date":"2021-09-20T21:25:37","date_gmt":"2021-09-20T21:25:37","guid":{"rendered":"http:\/\/www.cuneytturkoglu.com.tr\/1\/?post_type=product&#038;p=19699"},"modified":"2021-09-20T21:26:02","modified_gmt":"2021-09-20T21:26:02","slug":"siyah-beyaz-geometrik-desenli-askili-rahat-kesim-bluz","status":"publish","type":"product","link":"http:\/\/www.cuneytturkoglu.com.tr\/1\/product\/siyah-beyaz-geometrik-desenli-askili-rahat-kesim-bluz\/","title":{"rendered":"Siyah Beyaz Geometrik Desenli Ask\u0131l\u0131 Rahat Kesim Bluz"},"content":{"rendered":"<ul>\n<li>Modelin \u00d6l\u00e7\u00fcleri: Boy: 1.70, G\u00f6\u011f\u00fcs: 75, Bel: 59, Kal\u00e7a: 87<\/li>\n<li>Mankenin \u00fczerindeki \u00fcr\u00fcn S\/36 bedendir.<\/li>\n<li>% 100 Viskon, Dokuma Kuma\u015f<\/li>\n<li>Genel Boy \u00d6l\u00e7\u00fcs\u00fc: 65 &#8211; 90 cm aral\u0131\u011f\u0131<\/li>\n<\/ul>\n","protected":false},"excerpt":{"rendered":"<p>Siyah Beyaz Geometrik Desenli Ask\u0131l\u0131 Rahat Kesim Bluz<\/p>\n","protected":false},"featured_media":19070,"template":"","meta":[],"product_cat":[257,197,191,219,220,192],"product_tag":[],"_links":{"self":[{"href":"http:\/\/www.cuneytturkoglu.com.tr\/1\/wp-json\/wp\/v2\/product\/19699"}],"collection":[{"href":"http:\/\/www.cuneytturkoglu.com.tr\/1\/wp-json\/wp\/v2\/product"}],"about":[{"href":"http:\/\/www.cuneytturkoglu.com.tr\/1\/wp-json\/wp\/v2\/types\/product"}],"wp:featuredmedia":[{"embeddable":true,"href":"http:\/\/www.cuneytturkoglu.com.tr\/1\/wp-json\/wp\/v2\/media\/19070"}],"wp:attachment":[{"href":"http:\/\/www.cuneytturkoglu.com.tr\/1\/wp-json\/wp\/v2\/media?parent=19699"}],"wp:term":[{"taxonomy":"product_cat","embeddable":true,"href":"http:\/\/www.cuneytturkoglu.com.tr\/1\/wp-json\/wp\/v2\/product_cat?post=19699"},{"taxonomy":"product_tag","embeddable":true,"href":"http:\/\/www.cuneytturkoglu.com.tr\/1\/wp-json\/wp\/v2\/product_tag?post=19699"}],"curies":[{"name":"wp","href":"https:\/\/api.w.org\/{rel}","templated":true}]}}