{"id":19688,"date":"2021-09-20T21:25:35","date_gmt":"2021-09-20T21:25:35","guid":{"rendered":"http:\/\/www.cuneytturkoglu.com.tr\/1\/?post_type=product&#038;p=19688"},"modified":"2021-09-20T21:25:46","modified_gmt":"2021-09-20T21:25:46","slug":"antrasit-gri-cep-detayli-rahat-kesim-t-shirt","status":"publish","type":"product","link":"http:\/\/www.cuneytturkoglu.com.tr\/1\/product\/antrasit-gri-cep-detayli-rahat-kesim-t-shirt\/","title":{"rendered":"Antrasit &#8211; Gri Cep Detayl\u0131 Rahat Kesim T-Shirt"},"content":{"rendered":"<ul>\n<li>Modelin \u00d6l\u00e7\u00fcleri: Boy: 1.70, G\u00f6\u011f\u00fcs: 75, Bel: 59, Kal\u00e7a: 87<\/li>\n<li>Mankenin \u00fczerindeki \u00fcr\u00fcn S\/36 bedendir.<\/li>\n<li>% 100 Pamuk, Dokuma Kuma\u015f<\/li>\n<li>Genel Boy \u00d6l\u00e7\u00fcs\u00fc: 50 cm<\/li>\n<\/ul>\n","protected":false},"excerpt":{"rendered":"<p>Antrasit &#8211; Gri Cep Detayl\u0131 Rahat Kesim T-Shirt<\/p>\n","protected":false},"featured_media":19054,"template":"","meta":[],"product_cat":[257,191,219,195,220,192],"product_tag":[],"_links":{"self":[{"href":"http:\/\/www.cuneytturkoglu.com.tr\/1\/wp-json\/wp\/v2\/product\/19688"}],"collection":[{"href":"http:\/\/www.cuneytturkoglu.com.tr\/1\/wp-json\/wp\/v2\/product"}],"about":[{"href":"http:\/\/www.cuneytturkoglu.com.tr\/1\/wp-json\/wp\/v2\/types\/product"}],"wp:featuredmedia":[{"embeddable":true,"href":"http:\/\/www.cuneytturkoglu.com.tr\/1\/wp-json\/wp\/v2\/media\/19054"}],"wp:attachment":[{"href":"http:\/\/www.cuneytturkoglu.com.tr\/1\/wp-json\/wp\/v2\/media?parent=19688"}],"wp:term":[{"taxonomy":"product_cat","embeddable":true,"href":"http:\/\/www.cuneytturkoglu.com.tr\/1\/wp-json\/wp\/v2\/product_cat?post=19688"},{"taxonomy":"product_tag","embeddable":true,"href":"http:\/\/www.cuneytturkoglu.com.tr\/1\/wp-json\/wp\/v2\/product_tag?post=19688"}],"curies":[{"name":"wp","href":"https:\/\/api.w.org\/{rel}","templated":true}]}}