{"id":19587,"date":"2021-09-20T21:24:50","date_gmt":"2021-09-20T21:24:50","guid":{"rendered":"http:\/\/www.cuneytturkoglu.com.tr\/1\/?post_type=product&#038;p=19587"},"modified":"2021-09-20T21:25:01","modified_gmt":"2021-09-20T21:25:01","slug":"ekru-fisto-kendinden-kusakli-dantel-elbise","status":"publish","type":"product","link":"http:\/\/www.cuneytturkoglu.com.tr\/1\/product\/ekru-fisto-kendinden-kusakli-dantel-elbise\/","title":{"rendered":"Ekru Fisto Kendinden Ku\u015fakl\u0131 Dantel Elbise"},"content":{"rendered":"<ul>\n<li>Modelin \u00d6l\u00e7\u00fcleri:Boy:1.68, G\u00f6\u011f\u00fcs:75, Bel:58, Kal\u00e7a:78<\/li>\n<li>% 100 Pamuk<\/li>\n<li>G\u00f6rseldeki \u00dcr\u00fcn S-M Bedendir.<\/li>\n<li>Elbisenin Toplam Boyu 89 cm&#8217;dir<\/li>\n<li>St\u00fcdyo \u00e7ekimlerinde renkler \u0131\u015f\u0131k farkl\u0131l\u0131\u011f\u0131ndan dolay\u0131 de\u011fi\u015fiklik g\u00f6sterebilir.<\/li>\n<\/ul>\n","protected":false},"excerpt":{"rendered":"<p>Ekru Fisto Kendinden Ku\u015fakl\u0131 Dantel Elbise<\/p>\n","protected":false},"featured_media":18853,"template":"","meta":[],"product_cat":[257,189,191,219,220],"product_tag":[],"_links":{"self":[{"href":"http:\/\/www.cuneytturkoglu.com.tr\/1\/wp-json\/wp\/v2\/product\/19587"}],"collection":[{"href":"http:\/\/www.cuneytturkoglu.com.tr\/1\/wp-json\/wp\/v2\/product"}],"about":[{"href":"http:\/\/www.cuneytturkoglu.com.tr\/1\/wp-json\/wp\/v2\/types\/product"}],"wp:featuredmedia":[{"embeddable":true,"href":"http:\/\/www.cuneytturkoglu.com.tr\/1\/wp-json\/wp\/v2\/media\/18853"}],"wp:attachment":[{"href":"http:\/\/www.cuneytturkoglu.com.tr\/1\/wp-json\/wp\/v2\/media?parent=19587"}],"wp:term":[{"taxonomy":"product_cat","embeddable":true,"href":"http:\/\/www.cuneytturkoglu.com.tr\/1\/wp-json\/wp\/v2\/product_cat?post=19587"},{"taxonomy":"product_tag","embeddable":true,"href":"http:\/\/www.cuneytturkoglu.com.tr\/1\/wp-json\/wp\/v2\/product_tag?post=19587"}],"curies":[{"name":"wp","href":"https:\/\/api.w.org\/{rel}","templated":true}]}}