{"id":19583,"date":"2021-09-20T21:24:42","date_gmt":"2021-09-20T21:24:42","guid":{"rendered":"http:\/\/www.cuneytturkoglu.com.tr\/1\/?post_type=product&#038;p=19583"},"modified":"2021-09-20T21:25:01","modified_gmt":"2021-09-20T21:25:01","slug":"siyah-cicek-desenli-sal-yaka-firfirli-sifon-elbise","status":"publish","type":"product","link":"http:\/\/www.cuneytturkoglu.com.tr\/1\/product\/siyah-cicek-desenli-sal-yaka-firfirli-sifon-elbise\/","title":{"rendered":"Siyah \u00c7i\u00e7ek Desenli \u015eal Yaka F\u0131rf\u0131rl\u0131 \u015eifon Elbise"},"content":{"rendered":"<ul>\n<li>Modelin \u00d6l\u00e7\u00fcleri:Boy:1.68, G\u00f6\u011f\u00fcs:75, Bel:58, Kal\u00e7a:78<\/li>\n<li>% 100 Polyester<\/li>\n<li>G\u00f6rseldeki \u00dcr\u00fcn S Bedendir.<\/li>\n<li>St\u00fcdyo \u00e7ekimlerinde renkler \u0131\u015f\u0131k farkl\u0131l\u0131\u011f\u0131ndan dolay\u0131 de\u011fi\u015fiklik g\u00f6sterebilir.<\/li>\n<\/ul>\n","protected":false},"excerpt":{"rendered":"<p>Siyah \u00c7i\u00e7ek Desenli \u015eal Yaka F\u0131rf\u0131rl\u0131 \u015eifon Elbise<\/p>\n","protected":false},"featured_media":18839,"template":"","meta":[],"product_cat":[257,189,191,219,220],"product_tag":[],"_links":{"self":[{"href":"http:\/\/www.cuneytturkoglu.com.tr\/1\/wp-json\/wp\/v2\/product\/19583"}],"collection":[{"href":"http:\/\/www.cuneytturkoglu.com.tr\/1\/wp-json\/wp\/v2\/product"}],"about":[{"href":"http:\/\/www.cuneytturkoglu.com.tr\/1\/wp-json\/wp\/v2\/types\/product"}],"wp:featuredmedia":[{"embeddable":true,"href":"http:\/\/www.cuneytturkoglu.com.tr\/1\/wp-json\/wp\/v2\/media\/18839"}],"wp:attachment":[{"href":"http:\/\/www.cuneytturkoglu.com.tr\/1\/wp-json\/wp\/v2\/media?parent=19583"}],"wp:term":[{"taxonomy":"product_cat","embeddable":true,"href":"http:\/\/www.cuneytturkoglu.com.tr\/1\/wp-json\/wp\/v2\/product_cat?post=19583"},{"taxonomy":"product_tag","embeddable":true,"href":"http:\/\/www.cuneytturkoglu.com.tr\/1\/wp-json\/wp\/v2\/product_tag?post=19583"}],"curies":[{"name":"wp","href":"https:\/\/api.w.org\/{rel}","templated":true}]}}