{"id":19575,"date":"2021-09-20T21:24:41","date_gmt":"2021-09-20T21:24:41","guid":{"rendered":"http:\/\/www.cuneytturkoglu.com.tr\/1\/?post_type=product&#038;p=19575"},"modified":"2021-09-20T21:24:48","modified_gmt":"2021-09-20T21:24:48","slug":"beyaz-iki-kat-kendinden-astarli-siyah-puantiyeli-etek","status":"publish","type":"product","link":"http:\/\/www.cuneytturkoglu.com.tr\/1\/product\/beyaz-iki-kat-kendinden-astarli-siyah-puantiyeli-etek\/","title":{"rendered":"Beyaz \u0130ki Kat Kendinden Astarl\u0131 Siyah Puantiyeli Etek"},"content":{"rendered":"<ul>\n<li>Modelin \u00d6l\u00e7\u00fcleri:Boy:1.68, G\u00f6\u011f\u00fcs:75, Bel:60, Kal\u00e7a:85<\/li>\n<li>G\u00f6rselde ki \u00dcr\u00fcn S\/36 Bedendir.<\/li>\n<li>%100 V\u0131scon<\/li>\n<li>St\u00fcdyo \u00e7ekimlerinde renkler \u0131\u015f\u0131k farkl\u0131l\u0131\u011f\u0131ndan dolay\u0131 de\u011fi\u015fiklik g\u00f6sterebilir.<\/li>\n<\/ul>\n","protected":false},"excerpt":{"rendered":"<p>Beyaz \u0130ki Kat Kendinden Astarl\u0131 Siyah Puantiyeli Etek<\/p>\n","protected":false},"featured_media":18824,"template":"","meta":[],"product_cat":[188,257,191,206,219,220],"product_tag":[],"_links":{"self":[{"href":"http:\/\/www.cuneytturkoglu.com.tr\/1\/wp-json\/wp\/v2\/product\/19575"}],"collection":[{"href":"http:\/\/www.cuneytturkoglu.com.tr\/1\/wp-json\/wp\/v2\/product"}],"about":[{"href":"http:\/\/www.cuneytturkoglu.com.tr\/1\/wp-json\/wp\/v2\/types\/product"}],"wp:featuredmedia":[{"embeddable":true,"href":"http:\/\/www.cuneytturkoglu.com.tr\/1\/wp-json\/wp\/v2\/media\/18824"}],"wp:attachment":[{"href":"http:\/\/www.cuneytturkoglu.com.tr\/1\/wp-json\/wp\/v2\/media?parent=19575"}],"wp:term":[{"taxonomy":"product_cat","embeddable":true,"href":"http:\/\/www.cuneytturkoglu.com.tr\/1\/wp-json\/wp\/v2\/product_cat?post=19575"},{"taxonomy":"product_tag","embeddable":true,"href":"http:\/\/www.cuneytturkoglu.com.tr\/1\/wp-json\/wp\/v2\/product_tag?post=19575"}],"curies":[{"name":"wp","href":"https:\/\/api.w.org\/{rel}","templated":true}]}}