{"id":19533,"date":"2021-09-20T21:24:28","date_gmt":"2021-09-20T21:24:28","guid":{"rendered":"http:\/\/www.cuneytturkoglu.com.tr\/1\/?post_type=product&#038;p=19533"},"modified":"2021-09-20T21:24:36","modified_gmt":"2021-09-20T21:24:36","slug":"yuksek-bel-genis-paca-wide-leg-koyu-mavi-jean","status":"publish","type":"product","link":"http:\/\/www.cuneytturkoglu.com.tr\/1\/product\/yuksek-bel-genis-paca-wide-leg-koyu-mavi-jean\/","title":{"rendered":"Y\u00fcksek Bel Geni\u015f Pa\u00e7a Wide Leg Koyu Mavi Jean"},"content":{"rendered":"<ul>\n<li>Modelin \u00d6l\u00e7\u00fcleri:Boy:1.70, G\u00f6\u011f\u00fcs:75, Bel:60, Kal\u00e7a:85<\/li>\n<li>G\u00f6rselde ki \u00dcr\u00fcn 34 Bedendir.<\/li>\n<li>Jeans tam boyu 110 cm&#8217;dir<\/li>\n<li>St\u00fcdyo \u00e7ekimlerinde renkler \u0131\u015f\u0131k farkl\u0131l\u0131\u011f\u0131ndan dolay\u0131 de\u011fi\u015fiklik g\u00f6sterebilir.<\/li>\n<\/ul>\n","protected":false},"excerpt":{"rendered":"<p>Y\u00fcksek Bel Geni\u015f Pa\u00e7a Wide Leg Koyu Mavi Jean<\/p>\n","protected":false},"featured_media":18734,"template":"","meta":[],"product_cat":[188,257,191,219,202,220],"product_tag":[],"_links":{"self":[{"href":"http:\/\/www.cuneytturkoglu.com.tr\/1\/wp-json\/wp\/v2\/product\/19533"}],"collection":[{"href":"http:\/\/www.cuneytturkoglu.com.tr\/1\/wp-json\/wp\/v2\/product"}],"about":[{"href":"http:\/\/www.cuneytturkoglu.com.tr\/1\/wp-json\/wp\/v2\/types\/product"}],"wp:featuredmedia":[{"embeddable":true,"href":"http:\/\/www.cuneytturkoglu.com.tr\/1\/wp-json\/wp\/v2\/media\/18734"}],"wp:attachment":[{"href":"http:\/\/www.cuneytturkoglu.com.tr\/1\/wp-json\/wp\/v2\/media?parent=19533"}],"wp:term":[{"taxonomy":"product_cat","embeddable":true,"href":"http:\/\/www.cuneytturkoglu.com.tr\/1\/wp-json\/wp\/v2\/product_cat?post=19533"},{"taxonomy":"product_tag","embeddable":true,"href":"http:\/\/www.cuneytturkoglu.com.tr\/1\/wp-json\/wp\/v2\/product_tag?post=19533"}],"curies":[{"name":"wp","href":"https:\/\/api.w.org\/{rel}","templated":true}]}}