{"id":19501,"date":"2021-09-20T21:24:18","date_gmt":"2021-09-20T21:24:18","guid":{"rendered":"http:\/\/www.cuneytturkoglu.com.tr\/1\/?post_type=product&#038;p=19501"},"modified":"2021-09-20T21:24:26","modified_gmt":"2021-09-20T21:24:26","slug":"genis-kemerli-siyah-tayt","status":"publish","type":"product","link":"http:\/\/www.cuneytturkoglu.com.tr\/1\/product\/genis-kemerli-siyah-tayt\/","title":{"rendered":"Geni\u015f Kemerli Siyah Tayt"},"content":{"rendered":"<ul>\n<li>Modelin \u00d6l\u00e7\u00fcleri:Boy:1.66, G\u00f6\u011f\u00fcs:75, Bel:60, Kal\u00e7a:85<\/li>\n<li>G\u00f6rselde ki \u00dcr\u00fcn S Bedendir.<\/li>\n<li>%70 Viskon %20 Polyester %10 Likra<\/li>\n<li>St\u00fcdyo \u00e7ekimlerinde renkler \u0131\u015f\u0131k farkl\u0131l\u0131\u011f\u0131ndan dolay\u0131 de\u011fi\u015fiklik g\u00f6sterebilir.<\/li>\n<\/ul>\n","protected":false},"excerpt":{"rendered":"<p>Geni\u015f Kemerli Siyah Tayt<\/p>\n","protected":false},"featured_media":18670,"template":"","meta":[],"product_cat":[188,257,191,219,208,220],"product_tag":[],"_links":{"self":[{"href":"http:\/\/www.cuneytturkoglu.com.tr\/1\/wp-json\/wp\/v2\/product\/19501"}],"collection":[{"href":"http:\/\/www.cuneytturkoglu.com.tr\/1\/wp-json\/wp\/v2\/product"}],"about":[{"href":"http:\/\/www.cuneytturkoglu.com.tr\/1\/wp-json\/wp\/v2\/types\/product"}],"wp:featuredmedia":[{"embeddable":true,"href":"http:\/\/www.cuneytturkoglu.com.tr\/1\/wp-json\/wp\/v2\/media\/18670"}],"wp:attachment":[{"href":"http:\/\/www.cuneytturkoglu.com.tr\/1\/wp-json\/wp\/v2\/media?parent=19501"}],"wp:term":[{"taxonomy":"product_cat","embeddable":true,"href":"http:\/\/www.cuneytturkoglu.com.tr\/1\/wp-json\/wp\/v2\/product_cat?post=19501"},{"taxonomy":"product_tag","embeddable":true,"href":"http:\/\/www.cuneytturkoglu.com.tr\/1\/wp-json\/wp\/v2\/product_tag?post=19501"}],"curies":[{"name":"wp","href":"https:\/\/api.w.org\/{rel}","templated":true}]}}